{"id":5082,"date":"2022-02-24T00:08:04","date_gmt":"2022-02-23T23:08:04","guid":{"rendered":"https:\/\/www.mch-ottikon.ch\/?page_id=5082"},"modified":"2026-01-19T21:46:00","modified_gmt":"2026-01-19T20:46:00","slug":"1_startseite-6","status":"publish","type":"page","link":"https:\/\/www.mch-ottikon.ch\/","title":{"rendered":"Der M\u00e4nnerchor Ottikon &#8211; home"},"content":{"rendered":"<div id=\"pl-5082\"  class=\"panel-layout\" ><div id=\"pg-5082-0\"  class=\"panel-grid panel-has-style\" ><div class=\"siteorigin-panels-stretch panel-row-style panel-row-style-for-5082-0\" style=\"padding: -20px 0; \" data-stretch-type=\"full-width-stretch\" data-overlay=\"true\" data-overlay-color=\"#dd3333\" ><div id=\"pgc-5082-0-0\"  class=\"panel-grid-cell\" ><div id=\"panel-5082-0-0-0\" class=\"so-panel widget widget_sow-image panel-first-child\" data-index=\"0\" ><div style=\"text-align: left;\" data-title-color=\"#443f3f\" data-headings-color=\"#443f3f\" class=\"panel-widget-style panel-widget-style-for-5082-0-0-0\" ><div\n\t\t\t\n\t\t\tclass=\"so-widget-sow-image so-widget-sow-image-default-8b5b6f678277-5082\"\n\t\t\t\n\t\t>\n<div class=\"sow-image-container\">\n\t\t<img \n\tsrc=\"https:\/\/www.mch-ottikon.ch\/wp-content\/uploads\/ALLE_LINIE_WEB-1.jpg\" width=\"1500\" height=\"190\" srcset=\"https:\/\/www.mch-ottikon.ch\/wp-content\/uploads\/ALLE_LINIE_WEB-1.jpg 1500w, https:\/\/www.mch-ottikon.ch\/wp-content\/uploads\/ALLE_LINIE_WEB-1-300x38.jpg 300w, https:\/\/www.mch-ottikon.ch\/wp-content\/uploads\/ALLE_LINIE_WEB-1-1024x130.jpg 1024w, https:\/\/www.mch-ottikon.ch\/wp-content\/uploads\/ALLE_LINIE_WEB-1-768x97.jpg 768w, https:\/\/www.mch-ottikon.ch\/wp-content\/uploads\/ALLE_LINIE_WEB-1-1000x127.jpg 1000w, https:\/\/www.mch-ottikon.ch\/wp-content\/uploads\/ALLE_LINIE_WEB-1-230x29.jpg 230w, https:\/\/www.mch-ottikon.ch\/wp-content\/uploads\/ALLE_LINIE_WEB-1-350x44.jpg 350w, https:\/\/www.mch-ottikon.ch\/wp-content\/uploads\/ALLE_LINIE_WEB-1-480x61.jpg 480w\" sizes=\"(max-width: 1500px) 100vw, 1500px\" alt=\"\" \t\tclass=\"so-widget-image\"\/>\n\t<\/div>\n\n<\/div><\/div><\/div><div id=\"panel-5082-0-0-1\" class=\"so-panel widget widget_sow-editor panel-last-child\" data-index=\"1\" ><div style=\"text-align: left;\" data-title-color=\"#443f3f\" data-headings-color=\"#443f3f\" class=\"panel-widget-style panel-widget-style-for-5082-0-0-1\" ><div\n\t\t\t\n\t\t\tclass=\"so-widget-sow-editor so-widget-sow-editor-base\"\n\t\t\t\n\t\t>\n<div class=\"siteorigin-widget-tinymce textwidget\">\n\t<p style=\"text-align: center;\"><span style=\"font-family: verdana, geneva, sans-serif; font-size: 14pt;\">Der M\u00e4nnerchor Ottikon wurde im Jahre 1907 gegr\u00fcndet und besteht aus rund 30 S\u00e4ngern.<\/span><br \/><span style=\"font-family: verdana, geneva, sans-serif; font-size: 14pt;\">Wir pflegen den Chorgesang mit alten und neuen Liedern in mehreren Sprachen und diversen Stilrichtungen.<\/span><br \/><span style=\"font-family: verdana, geneva, sans-serif; font-size: 14pt;\">Aber auch die Geselligkeit wird bei uns grossgeschrieben.<\/span><br \/><span style=\"font-family: verdana, geneva, sans-serif; font-size: 14pt;\">So sind die w\u00f6chentlichen Proben (jeden Mittwoch um 20 Uhr)<\/span><br \/><span style=\"font-family: verdana, geneva, sans-serif; font-size: 14pt;\">eine tolle Mischung aus musikalischer Arbeit und Gesangsfreude<\/span><\/p>\n<\/div>\n<\/div><\/div><\/div><\/div><\/div><\/div><div id=\"pg-5082-1\"  class=\"panel-grid panel-has-style\" ><div style=\"padding: 0px 0; \" data-overlay=\"true\" data-overlay-color=\"#000000\" class=\"panel-row-style panel-row-style-for-5082-1\" ><div id=\"pgc-5082-1-0\"  class=\"panel-grid-cell\" ><div id=\"panel-5082-1-0-0\" class=\"so-panel widget widget_sow-image panel-first-child panel-last-child\" data-index=\"2\" ><div style=\"text-align: left;\" data-title-color=\"#443f3f\" data-headings-color=\"#443f3f\" class=\"panel-widget-style panel-widget-style-for-5082-1-0-0\" ><div\n\t\t\t\n\t\t\tclass=\"so-widget-sow-image so-widget-sow-image-default-8b5b6f678277-5082\"\n\t\t\t\n\t\t>\n<div class=\"sow-image-container\">\n\t\t<img \n\tsrc=\"https:\/\/www.mch-ottikon.ch\/wp-content\/uploads\/das-Probelokal_.jpg\" width=\"1166\" height=\"777\" srcset=\"https:\/\/www.mch-ottikon.ch\/wp-content\/uploads\/das-Probelokal_.jpg 1166w, https:\/\/www.mch-ottikon.ch\/wp-content\/uploads\/das-Probelokal_-300x200.jpg 300w, https:\/\/www.mch-ottikon.ch\/wp-content\/uploads\/das-Probelokal_-1024x682.jpg 1024w, https:\/\/www.mch-ottikon.ch\/wp-content\/uploads\/das-Probelokal_-768x512.jpg 768w, https:\/\/www.mch-ottikon.ch\/wp-content\/uploads\/das-Probelokal_-1000x666.jpg 1000w, https:\/\/www.mch-ottikon.ch\/wp-content\/uploads\/das-Probelokal_-230x153.jpg 230w, https:\/\/www.mch-ottikon.ch\/wp-content\/uploads\/das-Probelokal_-350x233.jpg 350w, https:\/\/www.mch-ottikon.ch\/wp-content\/uploads\/das-Probelokal_-480x320.jpg 480w, https:\/\/www.mch-ottikon.ch\/wp-content\/uploads\/das-Probelokal_-272x182.jpg 272w\" sizes=\"(max-width: 1166px) 100vw, 1166px\" title=\"Probelokal H\u00fcttesch\u00fc\u00fcr\" alt=\"\" \t\tclass=\"so-widget-image\"\/>\n\t<\/div>\n\n<\/div><\/div><\/div><\/div><div id=\"pgc-5082-1-1\"  class=\"panel-grid-cell\" ><div id=\"panel-5082-1-1-0\" class=\"so-panel widget widget_sow-editor panel-first-child panel-last-child\" data-index=\"3\" ><div style=\"text-align: left;\" data-title-color=\"#443f3f\" data-headings-color=\"#443f3f\" class=\"panel-widget-style panel-widget-style-for-5082-1-1-0\" ><div\n\t\t\t\n\t\t\tclass=\"so-widget-sow-editor so-widget-sow-editor-base\"\n\t\t\t\n\t\t>\n<div class=\"siteorigin-widget-tinymce textwidget\">\n\t<p>&nbsp;<\/p>\n<p><span style=\"font-family: verdana, geneva, sans-serif; font-size: 14pt;\"><strong>Das Probelokal: H\u00fcttesch\u00fc\u00fcr Ottikon<br \/><\/strong><\/span><\/p>\n<p><span style=\"font-family: verdana, geneva, sans-serif; font-size: 14pt;\">unser Probelokal ist seit 2016 die 'H\u00fcttesch\u00fc\u00fcr', der Ottiker Vereinssaal. Einige Mitglieder unseres Chores waren massgeblich an dessen Bau beteiligt, darunter Zimmermann und Ex-Pr\u00e4sident Stefan B\u00fcnzli<\/span><\/p>\n<\/div>\n<\/div><\/div><\/div><\/div><\/div><\/div><div id=\"pg-5082-2\"  class=\"panel-grid panel-has-style\" ><div style=\"padding: 5px 0; \" data-overlay=\"true\" data-overlay-color=\"#000000\" class=\"panel-row-style panel-row-style-for-5082-2\" ><div id=\"pgc-5082-2-0\"  class=\"panel-grid-cell\" ><div id=\"panel-5082-2-0-0\" class=\"so-panel widget widget_sow-editor panel-first-child panel-last-child\" data-index=\"4\" ><div style=\"text-align: left;\" data-title-color=\"#443f3f\" data-headings-color=\"#443f3f\" class=\"panel-widget-style panel-widget-style-for-5082-2-0-0\" ><div\n\t\t\t\n\t\t\tclass=\"so-widget-sow-editor so-widget-sow-editor-base\"\n\t\t\t\n\t\t>\n<div class=\"siteorigin-widget-tinymce textwidget\">\n\t<p>&nbsp;<\/p>\n<p><span style=\"font-family: verdana, geneva, sans-serif; font-size: 14pt;\"><strong>Der Dirigent: Paolo Vignoli<\/strong><\/span><\/p>\n<p><span style=\"font-family: verdana, geneva, sans-serif; font-size: 14pt;\">Seit Mitte 2023 ist Paolo unser Dirigent.<\/span><\/p>\n<p><span style=\"font-family: verdana, geneva, sans-serif; font-size: 14pt;\">Paolo Vignoli ist mit Leib und Seele singender Musiker - er ist auch Solotenor, Musikp\u00e4dagoge, Verbandsdirigent u.v.a. Ihm ist es ein Anliegen, seine Berufung, Generationen von Menschen f\u00fcr den Gesang zu motivieren und zu begeistern. So erlebt ihn der MCO.<\/span><\/p>\n<\/div>\n<\/div><\/div><\/div><\/div><div id=\"pgc-5082-2-1\"  class=\"panel-grid-cell\" ><div id=\"panel-5082-2-1-0\" class=\"so-panel widget widget_sow-image panel-first-child panel-last-child\" data-index=\"5\" ><div style=\"text-align: left;\" data-title-color=\"#443f3f\" data-headings-color=\"#443f3f\" class=\"panel-widget-style panel-widget-style-for-5082-2-1-0\" ><div\n\t\t\t\n\t\t\tclass=\"so-widget-sow-image so-widget-sow-image-default-8b5b6f678277-5082\"\n\t\t\t\n\t\t>\n<div class=\"sow-image-container\">\n\t\t<img \n\tsrc=\"https:\/\/www.mch-ottikon.ch\/wp-content\/uploads\/Paolo-Vignoli_.png\" width=\"921\" height=\"650\" srcset=\"https:\/\/www.mch-ottikon.ch\/wp-content\/uploads\/Paolo-Vignoli_.png 921w, https:\/\/www.mch-ottikon.ch\/wp-content\/uploads\/Paolo-Vignoli_-300x212.png 300w, https:\/\/www.mch-ottikon.ch\/wp-content\/uploads\/Paolo-Vignoli_-768x542.png 768w, https:\/\/www.mch-ottikon.ch\/wp-content\/uploads\/Paolo-Vignoli_-230x162.png 230w, https:\/\/www.mch-ottikon.ch\/wp-content\/uploads\/Paolo-Vignoli_-350x247.png 350w, https:\/\/www.mch-ottikon.ch\/wp-content\/uploads\/Paolo-Vignoli_-480x339.png 480w\" sizes=\"(max-width: 921px) 100vw, 921px\" title=\"Paolo Vignoli\" alt=\"\" \t\tclass=\"so-widget-image\"\/>\n\t<\/div>\n\n<\/div><\/div><\/div><\/div><\/div><\/div><div id=\"pg-5082-3\"  class=\"panel-grid panel-has-style\" ><div style=\"padding: 5px 0; \" data-overlay=\"true\" data-overlay-color=\"#000000\" class=\"panel-row-style panel-row-style-for-5082-3\" ><div id=\"pgc-5082-3-0\"  class=\"panel-grid-cell\" ><div id=\"panel-5082-3-0-0\" class=\"so-panel widget widget_sow-image panel-first-child panel-last-child\" data-index=\"6\" ><div style=\"text-align: left;\" data-title-color=\"#443f3f\" data-headings-color=\"#443f3f\" class=\"panel-widget-style panel-widget-style-for-5082-3-0-0\" ><div\n\t\t\t\n\t\t\tclass=\"so-widget-sow-image so-widget-sow-image-default-8b5b6f678277-5082\"\n\t\t\t\n\t\t>\n<div class=\"sow-image-container\">\n\t\t<img \n\tsrc=\"https:\/\/www.mch-ottikon.ch\/wp-content\/uploads\/Chor-in-reduzierter-Besetzung_.png\" width=\"917\" height=\"341\" srcset=\"https:\/\/www.mch-ottikon.ch\/wp-content\/uploads\/Chor-in-reduzierter-Besetzung_.png 917w, https:\/\/www.mch-ottikon.ch\/wp-content\/uploads\/Chor-in-reduzierter-Besetzung_-300x112.png 300w, https:\/\/www.mch-ottikon.ch\/wp-content\/uploads\/Chor-in-reduzierter-Besetzung_-768x286.png 768w, https:\/\/www.mch-ottikon.ch\/wp-content\/uploads\/Chor-in-reduzierter-Besetzung_-230x86.png 230w, https:\/\/www.mch-ottikon.ch\/wp-content\/uploads\/Chor-in-reduzierter-Besetzung_-350x130.png 350w, https:\/\/www.mch-ottikon.ch\/wp-content\/uploads\/Chor-in-reduzierter-Besetzung_-480x178.png 480w\" sizes=\"(max-width: 917px) 100vw, 917px\" title=\"Chor\" alt=\"\" \t\tclass=\"so-widget-image\"\/>\n\t<\/div>\n\n<\/div><\/div><\/div><\/div><div id=\"pgc-5082-3-1\"  class=\"panel-grid-cell\" ><div id=\"panel-5082-3-1-0\" class=\"so-panel widget widget_sow-editor panel-first-child panel-last-child\" data-index=\"7\" ><div style=\"text-align: left;\" data-title-color=\"#443f3f\" data-headings-color=\"#443f3f\" class=\"panel-widget-style panel-widget-style-for-5082-3-1-0\" ><div\n\t\t\t\n\t\t\tclass=\"so-widget-sow-editor so-widget-sow-editor-base\"\n\t\t\t\n\t\t>\n<div class=\"siteorigin-widget-tinymce textwidget\">\n\t<p>&nbsp;<\/p>\n<p><span style=\"font-family: verdana, geneva, sans-serif; font-size: 14pt;\">Chor in reduzierter Besetzung<\/span><\/p>\n<\/div>\n<\/div><\/div><\/div><\/div><\/div><\/div><div id=\"pg-5082-4\"  class=\"panel-grid panel-has-style\" ><div style=\"padding: 5px 0; \" data-overlay=\"true\" data-overlay-color=\"#000000\" class=\"panel-row-style panel-row-style-for-5082-4\" ><div id=\"pgc-5082-4-0\"  class=\"panel-grid-cell\" ><div id=\"panel-5082-4-0-0\" class=\"so-panel widget widget_sow-editor panel-first-child panel-last-child\" data-index=\"8\" ><div style=\"text-align: left;\" data-title-color=\"#443f3f\" data-headings-color=\"#443f3f\" class=\"panel-widget-style panel-widget-style-for-5082-4-0-0\" ><div\n\t\t\t\n\t\t\tclass=\"so-widget-sow-editor so-widget-sow-editor-base\"\n\t\t\t\n\t\t>\n<div class=\"siteorigin-widget-tinymce textwidget\">\n\t<p>&nbsp;<\/p>\n<p><span style=\"font-family: verdana, geneva, sans-serif; font-size: 14pt;\">Bewegung und Gesang ...<\/span><\/p>\n<\/div>\n<\/div><\/div><\/div><\/div><div id=\"pgc-5082-4-1\"  class=\"panel-grid-cell\" ><div id=\"panel-5082-4-1-0\" class=\"so-panel widget widget_sow-image panel-first-child panel-last-child\" data-index=\"9\" ><div style=\"text-align: left;\" data-title-color=\"#443f3f\" data-headings-color=\"#443f3f\" class=\"panel-widget-style panel-widget-style-for-5082-4-1-0\" ><div\n\t\t\t\n\t\t\tclass=\"so-widget-sow-image so-widget-sow-image-default-8b5b6f678277-5082\"\n\t\t\t\n\t\t>\n<div class=\"sow-image-container\">\n\t\t<img \n\tsrc=\"https:\/\/www.mch-ottikon.ch\/wp-content\/uploads\/Bewegung-beim-Singen_.png\" width=\"975\" height=\"349\" srcset=\"https:\/\/www.mch-ottikon.ch\/wp-content\/uploads\/Bewegung-beim-Singen_.png 975w, https:\/\/www.mch-ottikon.ch\/wp-content\/uploads\/Bewegung-beim-Singen_-300x107.png 300w, https:\/\/www.mch-ottikon.ch\/wp-content\/uploads\/Bewegung-beim-Singen_-768x275.png 768w, https:\/\/www.mch-ottikon.ch\/wp-content\/uploads\/Bewegung-beim-Singen_-230x82.png 230w, https:\/\/www.mch-ottikon.ch\/wp-content\/uploads\/Bewegung-beim-Singen_-350x125.png 350w, https:\/\/www.mch-ottikon.ch\/wp-content\/uploads\/Bewegung-beim-Singen_-480x172.png 480w\" sizes=\"(max-width: 975px) 100vw, 975px\" title=\"Bewegung beim Singen_\" alt=\"\" \t\tclass=\"so-widget-image\"\/>\n\t<\/div>\n\n<\/div><\/div><\/div><\/div><\/div><\/div><div id=\"pg-5082-5\"  class=\"panel-grid panel-has-style\" ><div style=\"padding: 5px 0; \" data-overlay=\"true\" data-overlay-color=\"#000000\" class=\"panel-row-style panel-row-style-for-5082-5\" ><div id=\"pgc-5082-5-0\"  class=\"panel-grid-cell\" ><div id=\"panel-5082-5-0-0\" class=\"so-panel widget widget_sow-image panel-first-child panel-last-child\" data-index=\"10\" ><div style=\"text-align: left;\" data-title-color=\"#443f3f\" data-headings-color=\"#443f3f\" class=\"panel-widget-style panel-widget-style-for-5082-5-0-0\" ><div\n\t\t\t\n\t\t\tclass=\"so-widget-sow-image so-widget-sow-image-default-8b5b6f678277-5082\"\n\t\t\t\n\t\t>\n<div class=\"sow-image-container\">\n\t\t<img \n\tsrc=\"https:\/\/www.mch-ottikon.ch\/wp-content\/uploads\/Lied-endet-mal-in-Schraeglage_.png\" width=\"1010\" height=\"372\" srcset=\"https:\/\/www.mch-ottikon.ch\/wp-content\/uploads\/Lied-endet-mal-in-Schraeglage_.png 1010w, https:\/\/www.mch-ottikon.ch\/wp-content\/uploads\/Lied-endet-mal-in-Schraeglage_-300x110.png 300w, https:\/\/www.mch-ottikon.ch\/wp-content\/uploads\/Lied-endet-mal-in-Schraeglage_-768x283.png 768w, https:\/\/www.mch-ottikon.ch\/wp-content\/uploads\/Lied-endet-mal-in-Schraeglage_-1000x368.png 1000w, https:\/\/www.mch-ottikon.ch\/wp-content\/uploads\/Lied-endet-mal-in-Schraeglage_-230x85.png 230w, https:\/\/www.mch-ottikon.ch\/wp-content\/uploads\/Lied-endet-mal-in-Schraeglage_-350x129.png 350w, https:\/\/www.mch-ottikon.ch\/wp-content\/uploads\/Lied-endet-mal-in-Schraeglage_-480x177.png 480w\" sizes=\"(max-width: 1010px) 100vw, 1010px\" title=\"Schr\u00e4g\" alt=\"\" \t\tclass=\"so-widget-image\"\/>\n\t<\/div>\n\n<\/div><\/div><\/div><\/div><div id=\"pgc-5082-5-1\"  class=\"panel-grid-cell\" ><div id=\"panel-5082-5-1-0\" class=\"so-panel widget widget_sow-editor panel-first-child panel-last-child\" data-index=\"11\" ><div style=\"text-align: left;\" data-title-color=\"#443f3f\" data-headings-color=\"#443f3f\" class=\"panel-widget-style panel-widget-style-for-5082-5-1-0\" ><div\n\t\t\t\n\t\t\tclass=\"so-widget-sow-editor so-widget-sow-editor-base\"\n\t\t\t\n\t\t>\n<div class=\"siteorigin-widget-tinymce textwidget\">\n\t<p>&nbsp;<\/p>\n<p><span style=\"font-family: verdana, geneva, sans-serif; font-size: 14pt;\">ein Lied endet auch einmal in Schr\u00e4glage ...<\/span><\/p>\n<\/div>\n<\/div><\/div><\/div><\/div><\/div><\/div><div id=\"pg-5082-6\"  class=\"panel-grid panel-has-style\" ><div style=\"padding: 5px 0; \" data-overlay=\"true\" data-overlay-color=\"#000000\" class=\"panel-row-style panel-row-style-for-5082-6\" ><div id=\"pgc-5082-6-0\"  class=\"panel-grid-cell\" ><div id=\"panel-5082-6-0-0\" class=\"so-panel widget widget_sow-editor panel-first-child panel-last-child\" data-index=\"12\" ><div style=\"text-align: left;\" data-title-color=\"#443f3f\" data-headings-color=\"#443f3f\" class=\"panel-widget-style panel-widget-style-for-5082-6-0-0\" ><div\n\t\t\t\n\t\t\tclass=\"so-widget-sow-editor so-widget-sow-editor-base\"\n\t\t\t\n\t\t>\n<div class=\"siteorigin-widget-tinymce textwidget\">\n\t<p>&nbsp;<\/p>\n<p><span style=\"font-family: verdana, geneva, sans-serif; font-size: 14pt;\">jeder K\u00fcnstler verewigt sich in seinem Bild ... (der MCO Webmaster+Aktuar, rechts)<\/span><\/p>\n<\/div>\n<\/div><\/div><\/div><\/div><div id=\"pgc-5082-6-1\"  class=\"panel-grid-cell\" ><div id=\"panel-5082-6-1-0\" class=\"so-panel widget widget_sow-image panel-first-child panel-last-child\" data-index=\"13\" ><div style=\"text-align: left;\" data-title-color=\"#443f3f\" data-headings-color=\"#443f3f\" class=\"panel-widget-style panel-widget-style-for-5082-6-1-0\" ><div\n\t\t\t\n\t\t\tclass=\"so-widget-sow-image so-widget-sow-image-default-8b5b6f678277-5082\"\n\t\t\t\n\t\t>\n<div class=\"sow-image-container\">\n\t\t<img \n\tsrc=\"https:\/\/www.mch-ottikon.ch\/wp-content\/uploads\/mit-WebmasterAktuar-r_.png\" width=\"967\" height=\"476\" srcset=\"https:\/\/www.mch-ottikon.ch\/wp-content\/uploads\/mit-WebmasterAktuar-r_.png 967w, https:\/\/www.mch-ottikon.ch\/wp-content\/uploads\/mit-WebmasterAktuar-r_-300x148.png 300w, https:\/\/www.mch-ottikon.ch\/wp-content\/uploads\/mit-WebmasterAktuar-r_-768x378.png 768w, https:\/\/www.mch-ottikon.ch\/wp-content\/uploads\/mit-WebmasterAktuar-r_-230x113.png 230w, https:\/\/www.mch-ottikon.ch\/wp-content\/uploads\/mit-WebmasterAktuar-r_-350x172.png 350w, https:\/\/www.mch-ottikon.ch\/wp-content\/uploads\/mit-WebmasterAktuar-r_-480x236.png 480w\" sizes=\"(max-width: 967px) 100vw, 967px\" title=\"Webmaster\" alt=\"\" \t\tclass=\"so-widget-image\"\/>\n\t<\/div>\n\n<\/div><\/div><\/div><\/div><\/div><\/div><div id=\"pg-5082-7\"  class=\"panel-grid panel-has-style\" ><div style=\"padding: 5px 0; \" data-overlay=\"true\" data-overlay-color=\"#000000\" class=\"panel-row-style panel-row-style-for-5082-7\" ><div id=\"pgc-5082-7-0\"  class=\"panel-grid-cell\" ><div id=\"panel-5082-7-0-0\" class=\"so-panel widget widget_sow-editor panel-first-child panel-last-child\" data-index=\"14\" ><div style=\"text-align: left;\" data-title-color=\"#443f3f\" data-headings-color=\"#443f3f\" class=\"panel-widget-style panel-widget-style-for-5082-7-0-0\" ><div\n\t\t\t\n\t\t\tclass=\"so-widget-sow-editor so-widget-sow-editor-base\"\n\t\t\t\n\t\t>\n<div class=\"siteorigin-widget-tinymce textwidget\">\n\t<p>&nbsp;<\/p>\n<p><span style=\"font-family: verdana, geneva, sans-serif; font-size: 14pt;\"><strong>Zwei der M\u00e4nnerch\u00f6re von Dirigent Vignoli, der <\/strong><b>MC Winterthur Seen (MCWS) und der MC Ottikon (MCO), erlebten k\u00fcrzlich eine gemeinsame Reise ins Elsass.<\/b><\/span><\/p>\n<p><span style=\"font-family: verdana, geneva, sans-serif; font-size: 14pt;\">Sehen Sie <a href=\"https:\/\/www.mch-ottikon.ch\/?page_id=11607\" target=\"_blank\" rel=\"noopener\"><span style=\"color: #0000ff;\"><span style=\"text-decoration: underline;\">hier<\/span><\/span><\/a> den Reisebericht und <a href=\"https:\/\/www.mch-ottikon.ch\/?page_id=11716\" target=\"_blank\" rel=\"noopener\"><span style=\"text-decoration: underline;\">hier<\/span><\/a> ein paar Photos vom Ausflug<br \/>\n(Link ins Bildarchiv)<\/span><\/p>\n<\/div>\n<\/div><\/div><\/div><\/div><\/div><\/div><div id=\"pg-5082-8\"  class=\"panel-grid panel-has-style\" ><div style=\"padding: 5px 0; \" data-overlay=\"true\" data-overlay-color=\"#000000\" class=\"panel-row-style panel-row-style-for-5082-8\" ><div id=\"pgc-5082-8-0\"  class=\"panel-grid-cell panel-grid-cell-empty\" ><\/div><div id=\"pgc-5082-8-1\"  class=\"panel-grid-cell\" ><div id=\"panel-5082-8-1-0\" class=\"so-panel widget widget_sow-editor panel-first-child panel-last-child\" data-index=\"15\" ><div style=\"text-align: left;\" data-title-color=\"#443f3f\" data-headings-color=\"#443f3f\" class=\"panel-widget-style panel-widget-style-for-5082-8-1-0\" ><div\n\t\t\t\n\t\t\tclass=\"so-widget-sow-editor so-widget-sow-editor-base\"\n\t\t\t\n\t\t>\n<div class=\"siteorigin-widget-tinymce textwidget\">\n\t<p>&nbsp;<\/p>\n<\/div>\n<\/div><\/div><\/div><\/div><\/div><\/div><div id=\"pg-5082-9\"  class=\"panel-grid panel-has-style\" ><div style=\"padding: 100px 0; \" data-overlay=\"true\" class=\"panel-row-style panel-row-style-for-5082-9\" ><div id=\"pgc-5082-9-0\"  class=\"panel-grid-cell\" ><div id=\"panel-5082-9-0-0\" class=\"so-panel widget widget_sow-editor panel-first-child panel-last-child\" data-index=\"16\" ><div style=\"text-align: left;\" data-title-color=\"#443f3f\" data-headings-color=\"#443f3f\" class=\"panel-widget-style panel-widget-style-for-5082-9-0-0\" ><div\n\t\t\t\n\t\t\tclass=\"so-widget-sow-editor so-widget-sow-editor-base\"\n\t\t\t\n\t\t>\n<div class=\"siteorigin-widget-tinymce textwidget\">\n\t<p><span style=\"font-family: verdana, geneva, sans-serif; font-size: 14pt;\">Das Bildarchiv zeigt die vergn\u00fcglichen MCO Vereinsanl\u00e4sse der letzten rund 10 Jahre.<\/span><br \/><span style=\"font-family: verdana, geneva, sans-serif; font-size: 14pt;\">Es kann aber auch f\u00fcr Nicht-MCO- Personen genutzt werden f\u00fcr Anregungen zu eigener Reiseplanung.<\/span><\/p>\n<p><span style=\"font-family: verdana, geneva, sans-serif; font-size: 14pt;\">Das Archiv enth\u00e4lt folgende Aktualisierungen:<\/span><\/p>\n<ul>\n<li><span style=\"font-family: verdana, geneva, sans-serif; font-size: 14pt;\">\u00fcberarbeitet, bereinigt, neu sortiert (chronologisch nach Kamera- Zeiteintr\u00e4gen)<\/span><\/li>\n<li><span style=\"font-family: verdana, geneva, sans-serif; font-size: 14pt;\">gr\u00f6ssere Bilddarstellung mit h\u00f6herer Bildaufl\u00f6sung<\/span><\/li>\n<\/ul>\n<p><span style=\"font-family: verdana, geneva, sans-serif; font-size: 14pt;\">Bitte lesen Sie die Tips zur Bilderdarstellung<\/span><\/p>\n<\/div>\n<\/div><\/div><\/div><\/div><\/div><\/div><div id=\"pg-5082-10\"  class=\"panel-grid panel-has-style\" ><div style=\"padding: 100px 0; \" data-overlay=\"true\" data-overlay-color=\"#000000\" class=\"panel-row-style panel-row-style-for-5082-10\" ><div id=\"pgc-5082-10-0\"  class=\"panel-grid-cell\" ><div id=\"panel-5082-10-0-0\" class=\"so-panel widget widget_sow-editor panel-first-child panel-last-child\" data-index=\"17\" ><div\n\t\t\t\n\t\t\tclass=\"so-widget-sow-editor so-widget-sow-editor-base\"\n\t\t\t\n\t\t>\n<div class=\"siteorigin-widget-tinymce textwidget\">\n\t<\/p>\n<\/div>\n<\/div><\/div><\/div><\/div><\/div><\/div>","protected":false},"excerpt":{"rendered":"<p>Der M\u00e4nnerchor Ottikon wurde im Jahre 1907 gegr\u00fcndet und besteht aus rund 30 S\u00e4ngern.Wir pflegen den Chorgesang mit alten und neuen Liedern [&hellip;]<\/p>\n","protected":false},"author":1,"featured_media":0,"parent":0,"menu_order":0,"comment_status":"closed","ping_status":"closed","template":"","meta":{"_coblocks_attr":"","_coblocks_dimensions":"","_coblocks_responsive_height":"","_coblocks_accordion_ie_support":"","_eb_attr":"","footnotes":""},"class_list":["post-5082","page","type-page","status-publish","hentry"],"_links":{"self":[{"href":"https:\/\/www.mch-ottikon.ch\/index.php?rest_route=\/wp\/v2\/pages\/5082","targetHints":{"allow":["GET"]}}],"collection":[{"href":"https:\/\/www.mch-ottikon.ch\/index.php?rest_route=\/wp\/v2\/pages"}],"about":[{"href":"https:\/\/www.mch-ottikon.ch\/index.php?rest_route=\/wp\/v2\/types\/page"}],"author":[{"embeddable":true,"href":"https:\/\/www.mch-ottikon.ch\/index.php?rest_route=\/wp\/v2\/users\/1"}],"replies":[{"embeddable":true,"href":"https:\/\/www.mch-ottikon.ch\/index.php?rest_route=%2Fwp%2Fv2%2Fcomments&post=5082"}],"version-history":[{"count":57,"href":"https:\/\/www.mch-ottikon.ch\/index.php?rest_route=\/wp\/v2\/pages\/5082\/revisions"}],"predecessor-version":[{"id":11738,"href":"https:\/\/www.mch-ottikon.ch\/index.php?rest_route=\/wp\/v2\/pages\/5082\/revisions\/11738"}],"wp:attachment":[{"href":"https:\/\/www.mch-ottikon.ch\/index.php?rest_route=%2Fwp%2Fv2%2Fmedia&parent=5082"}],"curies":[{"name":"wp","href":"https:\/\/api.w.org\/{rel}","templated":true}]}}