{"id":7991,"date":"2024-04-23T23:05:14","date_gmt":"2024-04-23T21:05:14","guid":{"rendered":"https:\/\/www.mch-ottikon.ch\/?page_id=7991"},"modified":"2024-12-09T16:53:35","modified_gmt":"2024-12-09T15:53:35","slug":"tempi-passati-2","status":"publish","type":"page","link":"https:\/\/www.mch-ottikon.ch\/?page_id=7991","title":{"rendered":"Tempi Passati"},"content":{"rendered":"<div id=\"pl-7991\"  class=\"panel-layout\" ><div id=\"pg-7991-0\"  class=\"panel-grid panel-has-style\" ><div style=\"padding: 100px 0; \" data-overlay=\"true\" data-overlay-color=\"#000000\" class=\"panel-row-style panel-row-style-for-7991-0\" ><div id=\"pgc-7991-0-0\"  class=\"panel-grid-cell\" ><div id=\"panel-7991-0-0-0\" class=\"so-panel widget widget_black-studio-tinymce widget_black_studio_tinymce panel-first-child panel-last-child\" data-index=\"0\" ><div style=\"text-align: left;\" data-title-color=\"#443f3f\" data-headings-color=\"#443f3f\" class=\"panel-widget-style panel-widget-style-for-7991-0-0-0\" ><div class=\"textwidget\"><p lang=\"zxx\"><strong><span style=\"font-family: verdana, geneva, sans-serif; font-size: 14pt;\">'Mann singt zur Vor-Adventszeit'<\/span><\/strong><br \/>\n<span style=\"font-family: verdana, geneva, sans-serif; font-size: 14pt;\">Das Konzert zusammen mit dem M\u00e4nnerchor Winterthur Seen<\/span><br \/>\n<span style=\"font-family: verdana, geneva, sans-serif; font-size: 14pt;\">am 16. November 2024 in der reformierten Kirche Illnau<\/span><br \/>\n<span style=\"font-family: verdana, geneva, sans-serif; font-size: 14pt;\">fand grossen Anklang<\/span><\/p>\n<p lang=\"zxx\">\n<\/div><\/div><\/div><\/div><div id=\"pgc-7991-0-1\"  class=\"panel-grid-cell\" ><div id=\"panel-7991-0-1-0\" class=\"so-panel widget widget_sow-image panel-first-child panel-last-child\" data-index=\"1\" ><div style=\"text-align: left;\" data-title-color=\"#443f3f\" data-headings-color=\"#443f3f\" class=\"panel-widget-style panel-widget-style-for-7991-0-1-0\" ><div\n\t\t\t\n\t\t\tclass=\"so-widget-sow-image so-widget-sow-image-default-8b5b6f678277-7991\"\n\t\t\t\n\t\t>\n<div class=\"sow-image-container\">\n\t\t<img \n\tsrc=\"https:\/\/www.mch-ottikon.ch\/wp-content\/uploads\/2024-11_flyer_Einladung-scaled.webp\" width=\"1772\" height=\"2560\" srcset=\"https:\/\/www.mch-ottikon.ch\/wp-content\/uploads\/2024-11_flyer_Einladung-scaled.webp 1772w, https:\/\/www.mch-ottikon.ch\/wp-content\/uploads\/2024-11_flyer_Einladung-208x300.webp 208w, https:\/\/www.mch-ottikon.ch\/wp-content\/uploads\/2024-11_flyer_Einladung-709x1024.webp 709w, https:\/\/www.mch-ottikon.ch\/wp-content\/uploads\/2024-11_flyer_Einladung-768x1110.webp 768w, https:\/\/www.mch-ottikon.ch\/wp-content\/uploads\/2024-11_flyer_Einladung-1063x1536.webp 1063w, https:\/\/www.mch-ottikon.ch\/wp-content\/uploads\/2024-11_flyer_Einladung-1417x2048.webp 1417w, https:\/\/www.mch-ottikon.ch\/wp-content\/uploads\/2024-11_flyer_Einladung-1000x1445.webp 1000w, https:\/\/www.mch-ottikon.ch\/wp-content\/uploads\/2024-11_flyer_Einladung-230x332.webp 230w, https:\/\/www.mch-ottikon.ch\/wp-content\/uploads\/2024-11_flyer_Einladung-350x506.webp 350w, https:\/\/www.mch-ottikon.ch\/wp-content\/uploads\/2024-11_flyer_Einladung-480x694.webp 480w\" sizes=\"(max-width: 1772px) 100vw, 1772px\" title=\"2024-11_flyer_Einladung\" alt=\"\" \t\tclass=\"so-widget-image\"\/>\n\t<\/div>\n\n<\/div><\/div><\/div><\/div><\/div><\/div><div id=\"pg-7991-1\"  class=\"panel-grid panel-has-style\" ><div style=\"padding: 100px 0; \" data-overlay=\"true\" data-overlay-color=\"#000000\" class=\"panel-row-style panel-row-style-for-7991-1\" ><div id=\"pgc-7991-1-0\"  class=\"panel-grid-cell panel-grid-cell-mobile-last\" ><div id=\"panel-7991-1-0-0\" class=\"so-panel widget widget_black-studio-tinymce widget_black_studio_tinymce panel-first-child panel-last-child\" data-index=\"2\" ><div style=\"text-align: left;\" data-title-color=\"#443f3f\" data-headings-color=\"#443f3f\" class=\"panel-widget-style panel-widget-style-for-7991-1-0-0\" ><div class=\"textwidget\"><div id=\"pgc-5082-8-1\" class=\"panel-grid-cell\">\n<div id=\"panel-5082-8-1-0\" class=\"so-panel widget widget_black-studio-tinymce widget_black_studio_tinymce panel-first-child panel-last-child\" data-index=\"16\">\n<div class=\"panel-widget-style panel-widget-style-for-5082-8-1-0\" data-title-color=\"#443f3f\" data-headings-color=\"#443f3f\">\n<div class=\"textwidget\">\n<p><strong>4.12.2024 19:30 Uhr: Einladung zum<\/strong><\/p>\n<p>Advents- \/ Samichlaus- \/ Weihnachtsanlass<br \/>\nAdventsfenster M\u00e4nnerchor und Frauen\u00adverein Ottikon<br \/>\nmit Apero und Musik in der H\u00fcttesch\u00fc\u00fcr, Ottikon b. Kemptthal.<\/p>\n<p>Adventsbuffet mit Liedervortrag des M\u00e4nnerchors Ottikon und gemeinsames Singen von Weihnachtsliedern<\/p><\/div>\n<\/div>\n<\/div>\n<\/div>\n<\/div><\/div><\/div><\/div><div id=\"pgc-7991-1-1\"  class=\"panel-grid-cell panel-grid-cell-empty\" ><\/div><\/div><\/div><div id=\"pg-7991-2\"  class=\"panel-grid panel-has-style\" ><div style=\"padding: 100px 0; \" data-overlay=\"true\" class=\"panel-row-style panel-row-style-for-7991-2\" ><div id=\"pgc-7991-2-0\"  class=\"panel-grid-cell\" ><div id=\"panel-7991-2-0-0\" class=\"so-panel widget widget_sow-image panel-first-child panel-last-child\" data-index=\"3\" ><div style=\"text-align: left;\" data-title-color=\"#443f3f\" data-headings-color=\"#443f3f\" class=\"panel-widget-style panel-widget-style-for-7991-2-0-0\" ><div\n\t\t\t\n\t\t\tclass=\"so-widget-sow-image so-widget-sow-image-default-8b5b6f678277-7991\"\n\t\t\t\n\t\t>\n<div class=\"sow-image-container\">\n\t\t<img \n\tsrc=\"https:\/\/www.mch-ottikon.ch\/wp-content\/uploads\/all-hue-DSC02409-ct-scaled.jpg\" width=\"2560\" height=\"1136\" srcset=\"https:\/\/www.mch-ottikon.ch\/wp-content\/uploads\/all-hue-DSC02409-ct-scaled.jpg 2560w, https:\/\/www.mch-ottikon.ch\/wp-content\/uploads\/all-hue-DSC02409-ct-300x133.jpg 300w, https:\/\/www.mch-ottikon.ch\/wp-content\/uploads\/all-hue-DSC02409-ct-1024x454.jpg 1024w, https:\/\/www.mch-ottikon.ch\/wp-content\/uploads\/all-hue-DSC02409-ct-768x341.jpg 768w, https:\/\/www.mch-ottikon.ch\/wp-content\/uploads\/all-hue-DSC02409-ct-1536x682.jpg 1536w, https:\/\/www.mch-ottikon.ch\/wp-content\/uploads\/all-hue-DSC02409-ct-2048x909.jpg 2048w, https:\/\/www.mch-ottikon.ch\/wp-content\/uploads\/all-hue-DSC02409-ct-1000x444.jpg 1000w, https:\/\/www.mch-ottikon.ch\/wp-content\/uploads\/all-hue-DSC02409-ct-230x102.jpg 230w, https:\/\/www.mch-ottikon.ch\/wp-content\/uploads\/all-hue-DSC02409-ct-350x155.jpg 350w, https:\/\/www.mch-ottikon.ch\/wp-content\/uploads\/all-hue-DSC02409-ct-480x213.jpg 480w\" sizes=\"(max-width: 2560px) 100vw, 2560px\" title=\"M\u00e4nner des MCO und Winterthur-Seen\" alt=\"\" \t\tclass=\"so-widget-image\"\/>\n\t<\/div>\n\n<\/div><\/div><\/div><\/div><div id=\"pgc-7991-2-1\"  class=\"panel-grid-cell\" ><div id=\"panel-7991-2-1-0\" class=\"so-panel widget widget_black-studio-tinymce widget_black_studio_tinymce panel-first-child panel-last-child\" data-index=\"4\" ><div style=\"text-align: left;\" data-title-color=\"#443f3f\" data-headings-color=\"#443f3f\" class=\"panel-widget-style panel-widget-style-for-7991-2-1-0\" ><div class=\"textwidget\"><p><span style=\"font-family: verdana, geneva, sans-serif; font-size: 14pt;\"><b>Samstag, 13.<\/b><b> April <\/b><b>2024 Singatelier<br \/>\n<\/b><\/span><\/p>\n<p><span style=\"font-family: verdana, geneva, sans-serif; font-size: 14pt;\">Das Singatelier mit Paolo war ein geselliger, harmonischer Anlass - der M\u00e4nnerchor Winterthur-Seen und der MCO probten und sangen gemeinsam; mit interessierten Besucherinnen aus der Umgebung<br \/>\n<\/span><\/p>\n<\/div><\/div><\/div><\/div><\/div><\/div><div id=\"pg-7991-3\"  class=\"panel-grid panel-has-style\" ><div style=\"padding: 100px 0; \" data-overlay=\"true\" data-overlay-color=\"#000000\" class=\"panel-row-style panel-row-style-for-7991-3\" ><div id=\"pgc-7991-3-0\"  class=\"panel-grid-cell\" ><div id=\"panel-7991-3-0-0\" class=\"so-panel widget widget_sow-image panel-first-child panel-last-child\" data-index=\"5\" ><div style=\"text-align: left;\" data-title-color=\"#443f3f\" data-headings-color=\"#443f3f\" class=\"panel-widget-style panel-widget-style-for-7991-3-0-0\" ><div\n\t\t\t\n\t\t\tclass=\"so-widget-sow-image so-widget-sow-image-default-8b5b6f678277-7991\"\n\t\t\t\n\t\t>\n<div class=\"sow-image-container\">\n\t\t<img \n\tsrc=\"https:\/\/www.mch-ottikon.ch\/wp-content\/uploads\/vignoli1.jpg\" width=\"1024\" height=\"768\" srcset=\"https:\/\/www.mch-ottikon.ch\/wp-content\/uploads\/vignoli1.jpg 1024w, https:\/\/www.mch-ottikon.ch\/wp-content\/uploads\/vignoli1-300x225.jpg 300w, https:\/\/www.mch-ottikon.ch\/wp-content\/uploads\/vignoli1-768x576.jpg 768w, https:\/\/www.mch-ottikon.ch\/wp-content\/uploads\/vignoli1-1000x750.jpg 1000w, https:\/\/www.mch-ottikon.ch\/wp-content\/uploads\/vignoli1-230x173.jpg 230w, https:\/\/www.mch-ottikon.ch\/wp-content\/uploads\/vignoli1-350x263.jpg 350w, https:\/\/www.mch-ottikon.ch\/wp-content\/uploads\/vignoli1-480x360.jpg 480w\" sizes=\"(max-width: 1024px) 100vw, 1024px\" title=\"vignoli 1\" alt=\"\" \t\tclass=\"so-widget-image\"\/>\n\t<\/div>\n\n<\/div><\/div><\/div><\/div><div id=\"pgc-7991-3-1\"  class=\"panel-grid-cell\" ><div id=\"panel-7991-3-1-0\" class=\"so-panel widget widget_black-studio-tinymce widget_black_studio_tinymce panel-first-child panel-last-child\" data-index=\"6\" ><div style=\"text-align: left;\" data-title-color=\"#443f3f\" data-headings-color=\"#443f3f\" class=\"panel-widget-style panel-widget-style-for-7991-3-1-0\" ><div class=\"textwidget\"><p><span style=\"font-family: verdana, geneva, sans-serif; font-size: 14pt;\"><strong>Samstag, 24. Juni 2023, 20.15<\/strong><\/span><\/p>\n<p><span style=\"font-family: verdana, geneva, sans-serif; font-size: 14pt;\">Sommerfest in Ottikon bei der offenen Turnhalle (oberes Schulhaus)<\/span><br \/>\n<span style=\"font-family: verdana, geneva, sans-serif; font-size: 14pt;\">Der M\u00e4nnerchor singt ein paar bekannte und unbekannte Lieder. Photo: wir proben vor unserer H\u00fcttesch\u00fc\u00fcr<\/span><\/p>\n<\/div><\/div><\/div><\/div><\/div><\/div><\/div>","protected":false},"excerpt":{"rendered":"<p>&#8216;Mann singt zur Vor-Adventszeit&#8217; Das Konzert zusammen mit dem M\u00e4nnerchor Winterthur Seen am 16. November 2024 in der reformierten Kirche Illnau fand [&hellip;]<\/p>\n","protected":false},"author":1,"featured_media":0,"parent":0,"menu_order":0,"comment_status":"closed","ping_status":"closed","template":"","meta":{"_coblocks_attr":"","_coblocks_dimensions":"","_coblocks_responsive_height":"","_coblocks_accordion_ie_support":"","_eb_attr":"","footnotes":""},"class_list":["post-7991","page","type-page","status-publish","hentry"],"_links":{"self":[{"href":"https:\/\/www.mch-ottikon.ch\/index.php?rest_route=\/wp\/v2\/pages\/7991","targetHints":{"allow":["GET"]}}],"collection":[{"href":"https:\/\/www.mch-ottikon.ch\/index.php?rest_route=\/wp\/v2\/pages"}],"about":[{"href":"https:\/\/www.mch-ottikon.ch\/index.php?rest_route=\/wp\/v2\/types\/page"}],"author":[{"embeddable":true,"href":"https:\/\/www.mch-ottikon.ch\/index.php?rest_route=\/wp\/v2\/users\/1"}],"replies":[{"embeddable":true,"href":"https:\/\/www.mch-ottikon.ch\/index.php?rest_route=%2Fwp%2Fv2%2Fcomments&post=7991"}],"version-history":[{"count":4,"href":"https:\/\/www.mch-ottikon.ch\/index.php?rest_route=\/wp\/v2\/pages\/7991\/revisions"}],"predecessor-version":[{"id":11452,"href":"https:\/\/www.mch-ottikon.ch\/index.php?rest_route=\/wp\/v2\/pages\/7991\/revisions\/11452"}],"wp:attachment":[{"href":"https:\/\/www.mch-ottikon.ch\/index.php?rest_route=%2Fwp%2Fv2%2Fmedia&parent=7991"}],"curies":[{"name":"wp","href":"https:\/\/api.w.org\/{rel}","templated":true}]}}