{"id":880,"date":"2019-01-02T16:02:48","date_gmt":"2019-01-02T15:02:48","guid":{"rendered":"https:\/\/wp.mch-ottikon.ch\/?page_id=880"},"modified":"2024-09-19T15:46:43","modified_gmt":"2024-09-19T13:46:43","slug":"tips-zur-bilddarstellung","status":"publish","type":"page","link":"https:\/\/www.mch-ottikon.ch\/?page_id=880","title":{"rendered":"Tips zur Bilderdarstellung"},"content":{"rendered":"<div id=\"pl-880\"  class=\"panel-layout\" ><div id=\"pg-880-0\"  class=\"panel-grid panel-has-style\" ><div style=\"padding: 10px 0; \" data-overlay=\"true\" data-overlay-color=\"#000000\" class=\"panel-row-style panel-row-style-for-880-0\" ><div id=\"pgc-880-0-0\"  class=\"panel-grid-cell\" ><div id=\"panel-880-0-0-0\" class=\"so-panel widget widget_black-studio-tinymce widget_black_studio_tinymce panel-first-child panel-last-child\" data-index=\"0\" ><div style=\"text-align: left;\" data-title-color=\"#443f3f\" data-headings-color=\"#443f3f\" class=\"panel-widget-style panel-widget-style-for-880-0-0-0\" ><div class=\"textwidget\"><p><span style=\"font-family: verdana, geneva, sans-serif; font-size: 14pt;\">Hinweis zu den Bildarchiven<\/span><\/p>\n<p><span style=\"font-family: verdana, geneva, sans-serif; font-size: 14pt;\">w\u00e4hlen Sie die optimale Darstellung im browser: Seiten zoomen mit Tasten Ctrl+ \/ zur\u00fcckzoomen mit Ctrl-<\/span><\/p>\n<p><span style=\"font-family: verdana, geneva, sans-serif; font-size: 14pt;\">Normalbild \/ volle Bildgr\u00f6sse umschalten mit Taste F11.<\/span><\/p>\n<p><span style=\"font-family: verdana, geneva, sans-serif; font-size: 14pt;\">Durch Anclicken der Punkte im unteren Bildbereich\u00a0 kann der Startpunkt der Diashow frei <\/span><br \/>\n<span style=\"font-family: verdana, geneva, sans-serif; font-size: 14pt;\">gew\u00e4hlt werden<\/span><\/p>\n<p><span style=\"font-family: verdana, geneva, sans-serif; font-size: 14pt;\">Diavorf\u00fchrung stoppen: Cursor in den Bildbereich; bei Cursor ausserhalb Bild l\u00e4uft die Vorf\u00fchrung weiter<\/span><\/p>\n<p>&nbsp;<\/p>\n<p><span style=\"font-family: verdana, geneva, sans-serif; font-size: 14pt;\">Viel Spass beim Archiv durchst\u00f6bern !<\/span><\/p>\n<\/div><\/div><\/div><\/div><\/div><\/div><\/div>","protected":false},"excerpt":{"rendered":"<p>Hinweis zu den Bildarchiven w\u00e4hlen Sie die optimale Darstellung im browser: Seiten zoomen mit Tasten Ctrl+ \/ zur\u00fcckzoomen mit Ctrl- Normalbild \/ [&hellip;]<\/p>\n","protected":false},"author":1,"featured_media":0,"parent":0,"menu_order":0,"comment_status":"closed","ping_status":"closed","template":"page-templates\/page_fullwidth.php","meta":{"_coblocks_attr":"","_coblocks_dimensions":"","_coblocks_responsive_height":"","_coblocks_accordion_ie_support":"","_eb_attr":"","footnotes":""},"class_list":["post-880","page","type-page","status-publish","hentry"],"_links":{"self":[{"href":"https:\/\/www.mch-ottikon.ch\/index.php?rest_route=\/wp\/v2\/pages\/880","targetHints":{"allow":["GET"]}}],"collection":[{"href":"https:\/\/www.mch-ottikon.ch\/index.php?rest_route=\/wp\/v2\/pages"}],"about":[{"href":"https:\/\/www.mch-ottikon.ch\/index.php?rest_route=\/wp\/v2\/types\/page"}],"author":[{"embeddable":true,"href":"https:\/\/www.mch-ottikon.ch\/index.php?rest_route=\/wp\/v2\/users\/1"}],"replies":[{"embeddable":true,"href":"https:\/\/www.mch-ottikon.ch\/index.php?rest_route=%2Fwp%2Fv2%2Fcomments&post=880"}],"version-history":[{"count":6,"href":"https:\/\/www.mch-ottikon.ch\/index.php?rest_route=\/wp\/v2\/pages\/880\/revisions"}],"predecessor-version":[{"id":10737,"href":"https:\/\/www.mch-ottikon.ch\/index.php?rest_route=\/wp\/v2\/pages\/880\/revisions\/10737"}],"wp:attachment":[{"href":"https:\/\/www.mch-ottikon.ch\/index.php?rest_route=%2Fwp%2Fv2%2Fmedia&parent=880"}],"curies":[{"name":"wp","href":"https:\/\/api.w.org\/{rel}","templated":true}]}}